{"id":12861,"date":"2026-04-10T21:47:52","date_gmt":"2026-04-10T21:47:52","guid":{"rendered":"https:\/\/espe.manoscrm.com\/external-projects\/"},"modified":"2026-05-08T05:35:35","modified_gmt":"2026-05-08T05:35:35","slug":"external-projects","status":"publish","type":"page","link":"https:\/\/espe.manoscrm.com\/en\/external-projects\/","title":{"rendered":"External projects"},"content":{"rendered":"\t\t<div data-elementor-type=\"wp-page\" data-elementor-id=\"12861\" class=\"elementor elementor-12861 elementor-4970\">\n\t\t\t\t<div class=\"elementor-element elementor-element-b7982c6 e-flex e-con-boxed e-con e-parent\" data-id=\"b7982c6\" data-element_type=\"container\" data-e-type=\"container\" data-settings=\"{&quot;background_background&quot;:&quot;classic&quot;}\">\n\t\t\t\t\t<div class=\"e-con-inner\">\n\t\t\t\t<div class=\"elementor-element elementor-element-2e749eb premium-header-block premium-header-block premium-lq__glass5 premium-box-lq__none elementor-widget elementor-widget-premium-addon-dual-header\" data-id=\"2e749eb\" data-element_type=\"widget\" data-e-type=\"widget\" data-widget_type=\"premium-addon-dual-header.default\">\n\t\t\t\t\t\n\t\t<div class=\"elementor-widget-container\">\n\t\t<div class=\"premium-dual-header-wrapper\">\n\t\t\t\t\t<h1 class=\"premium-dual-header-first-header \"><span class=\"premium-dual-header-first-span\">National Development and Defense <\/span><\/h1> \t\t\t\t\t\t<\/div>\n\t\t<\/div>\n\n\t\t\t\t\t\t<\/div>\n\t\t\t\t<div class=\"elementor-element elementor-element-6b702be elementor-widget elementor-widget-heading\" data-id=\"6b702be\" data-element_type=\"widget\" data-e-type=\"widget\" data-widget_type=\"heading.default\">\n\t\t\t\t\t<h2 class=\"elementor-heading-title elementor-size-default\">External Projects<\/h2>\t\t\t\t<\/div>\n\t\t\t\t<div class=\"elementor-element elementor-element-278c8d9 elementor-widget elementor-widget-text-editor\" data-id=\"278c8d9\" data-element_type=\"widget\" data-e-type=\"widget\" data-widget_type=\"text-editor.default\">\n\t\t\t\t\t\t\t\t\t<p>Strategic and Technological Solutions<\/p>\t\t\t\t\t\t\t\t<\/div>\n\t\t\t\t\t<\/div>\n\t\t\t\t<\/div>\n\t\t<div class=\"elementor-element elementor-element-94bc4d0 e-flex e-con-boxed e-con e-parent\" data-id=\"94bc4d0\" data-element_type=\"container\" data-e-type=\"container\">\n\t\t\t\t\t<div class=\"e-con-inner\">\n\t\t\t\t<div class=\"elementor-element elementor-element-59bf3a3 elementor-widget elementor-widget-ucarr_proyectos_explorador\" data-id=\"59bf3a3\" data-element_type=\"widget\" data-e-type=\"widget\" data-widget_type=\"ucarr_proyectos_explorador.default\">\n\t\t\t\t<div class=\"elementor-widget-container\">\n\t\t\t\t\t<div class=\"ucarr-el-widget-inner\"><div class=\"ucarr-proyectos-explorador ucarr-proyectos-explorador--solo-busqueda\" id=\"ucarr-proyectos-explorador-root\" data-ucarr-pr-base=\"https:\/\/espe.manoscrm.com\/en\/external-projects\/\" data-ucarr-pr-ajax=\"https:\/\/espe.manoscrm.com\/wp-admin\/admin-ajax.php\" data-ucarr-pr-nonce=\"b67cd000ed\"  data-ucarr-pr-tipo-fija=\"investigacion\" data-ucarr-pr-solo-busqueda=\"1\">\r\n\t<div class=\"ucarr-proyectos-explorador-toolbar\">\r\n\t\t<form method=\"get\" action=\"https:\/\/espe.manoscrm.com\/en\/external-projects\/\" class=\"ucarr-filtros ucarr-filtros-proyectos-explorador\" id=\"ucarr-filtros-proyectos-explorador\">\r\n\t\t<input type=\"hidden\" name=\"ucarr_pr_ano\" id=\"ucarr_pr_inp_ano\" value=\"0\" \/>\r\n\r\n\t\t\t<input type=\"hidden\" name=\"ucarr_pr_tipo\" value=\"investigacion\" data-ucarr-pr-filter \/>\r\n\t\r\n\t<div class=\"ucarr-proyectos-filtros-panel ucarr-proyectos-filtros-panel--solo-busqueda\">\r\n\t\t<div class=\"ucarr-proyectos-filtros-layout\">\r\n\t\t\t<div class=\"ucarr-proyectos-filtros-search-col\">\r\n\t\t\t\t<div class=\"ucarr-filtros-search-field\">\r\n\t\t\t\t\t<span class=\"ucarr-filtros-search-icon\" aria-hidden=\"true\"><svg class=\"ucarr-svg-icon\" width=\"20\" height=\"20\" viewBox=\"0 0 24 24\" fill=\"none\" stroke=\"currentColor\" stroke-width=\"2\" stroke-linecap=\"round\" stroke-linejoin=\"round\" aria-hidden=\"true\"><circle cx=\"11\" cy=\"11\" r=\"8\"\/><line x1=\"21\" y1=\"21\" x2=\"16.65\" y2=\"16.65\"\/><\/svg><\/span>\r\n\t\t\t\t\t<input type=\"search\" name=\"ucarr_pr_buscar\" id=\"ucarr_pr_buscar\" class=\"ucarr-filtros-search-input\"\r\n\t\t\t\t\t\tvalue=\"\"\r\n\t\t\t\t\t\tplaceholder=\"Buscar proyecto\u2026\"\r\n\t\t\t\t\t\tautocomplete=\"off\" data-ucarr-pr-filter \/>\r\n\t\t\t\t<\/div>\r\n\t\t\t<\/div>\r\n\r\n\t\t\t\r\n\t\t\t<div class=\"ucarr-proyectos-filtros-actions\">\r\n\t\t\t\t<button type=\"submit\" class=\"button ucarr-proyectos-filtros-submit\">Filtrar<\/button>\r\n\t\t\t\t<a class=\"button button-secondary ucarr-proyectos-filtros-clear\" href=\"https:\/\/espe.manoscrm.com\/en\/external-projects\/\">Limpiar<\/a>\r\n\t\t\t<\/div>\r\n\t\t<\/div>\r\n\r\n\t\t\t\t\t<div class=\"ucarr-proyectos-filtros-secundarios ucarr-proyectos-filtros-secundarios--solo-busqueda\">\r\n\t\t\t\t<label class=\"screen-reader-text\" for=\"ucarr_pr_sel_dept_solo\">Departamento<\/label>\r\n\t\t\t\t<select name=\"ucarr_pr_departamento\" id=\"ucarr_pr_sel_dept_solo\" class=\"ucarr-filtro-select-native\" data-ucarr-pr-filter>\r\n\t\t\t\t\t<option value=\"\">Todos los departamentos<\/option>\r\n\t\t\t\t\t<option value=\"administrative-economic-and-trade-sciences\">Administrative, Economic, and Trade Sciences<\/option><option value=\"ciencias-administrativas-economicas-y-de-comercio\">Ciencias Administrativas, Econ\u00f3micas y de Comercio<\/option><option value=\"ciencias-de-la-computacion\">Ciencias de la Computaci\u00f3n<\/option><option value=\"ciencias-de-la-energia-y-mecanica\">Ciencias de la Energ\u00eda y Mec\u00e1nica<\/option><option value=\"ciencias-de-la-tierra-y-construccion\">Ciencias de la Tierra y Construcci\u00f3n<\/option><option value=\"ciencias-de-la-vida-y-de-la-agricultura\">Ciencias de la Vida y de la Agricultura<\/option><option value=\"ciencias-exactas\">Ciencias Exactas<\/option><option value=\"ciencias-humanas-y-sociales\">Ciencias Humanas y Sociales<\/option><option value=\"ciencias-medicas\">Ciencias M\u00e9dicas<\/option><option value=\"computer-science\">Computer Science<\/option><option value=\"earth-and-construction-sciences\">Earth and Construction Sciences<\/option><option value=\"electrica-electronica-y-telecomunicaciones\">El\u00e9ctrica, Electr\u00f3nica y Telecomunicaciones<\/option><option value=\"electrical-and-electronic-engineering\">Electrical and Electronic Engineering<\/option><option value=\"electrical-electronics-and-telecommunications\">Electrical, Electronics and Telecommunications<\/option><option value=\"energy-and-mechanical-sciences\">Energy and Mechanical Sciences<\/option><option value=\"exact-sciences\">Exact Sciences<\/option><option value=\"human-and-social-sciences\">Human and Social Sciences<\/option><option value=\"life-and-agricultural-sciences\">Life and Agricultural Sciences<\/option><option value=\"medical-sciences\">Medical Sciences<\/option><option value=\"security-and-defense\">Security and Defense<\/option><option value=\"seguridad-y-defensa\">Seguridad y Defensa<\/option>\t\t\t\t<\/select>\r\n\t\t\t\t<label class=\"screen-reader-text\" for=\"ucarr_pr_sel_externo\">Proyectos externos<\/label>\r\n\t\t\t\t<select name=\"ucarr_pr_externo\" id=\"ucarr_pr_sel_externo\" class=\"ucarr-filtro-select-native\" data-ucarr-pr-filter>\r\n\t\t\t\t\t<option value=\"\">Externo: todos<\/option>\r\n\t\t\t\t\t<option value=\"1\"  selected='selected'>Solo externos<\/option>\r\n\t\t\t\t\t<option value=\"0\" >Solo internos<\/option>\r\n\t\t\t\t<\/select>\r\n\t\t\t<\/div>\r\n\t\t\t<\/div>\r\n<\/form>\r\n\t\t<p class=\"ucarr-proyectos-explorador-summary\">\r\n\t\t\t<span class=\"ucarr-proyectos-explorador-summary-text\" id=\"ucarr-proyectos-explorador-summary-text\">\r\n\t\t\t\tNo hay proyectos con los filtros seleccionados.\t\t\t<\/span>\r\n\t\t<\/p>\r\n\t<\/div>\r\n\t<div id=\"ucarr-proyectos-explorador-main-inner\">\r\n\t\t<div class=\"ucarr-proyectos-explorador-grid-wrap\" id=\"ucarr-proyectos-explorador-grid-inner\">\r\n\t\t<div class=\"ucarr-proyectos-explorador-grid\">\r\n\t\t\t<p class=\"ucarr-proyectos-empty\">No hay proyectos con los filtros seleccionados.<\/p>\t\t<\/div>\r\n\t<\/div>\r\n\t<nav class=\"ucarr-proyectos-explorador-pager\" id=\"ucarr-proyectos-explorador-pager\" aria-label=\"Paginaci\u00f3n\" style=\"display:none;\">\r\n\t\t\t<\/nav>\r\n<\/div>\r\n<\/div>\r\n<\/div>\t\t\t\t<\/div>\n\t\t\t\t<\/div>\n\t\t\t\t\t<\/div>\n\t\t\t\t<\/div>\n\t\t\t\t<\/div>\n\t\t","protected":false},"excerpt":{"rendered":"<p>National Development and Defense External Projects Strategic and Technological Solutions Filtrar Limpiar Departamento Todos los departamentosAdministrative, Economic, and Trade SciencesCiencias Administrativas, Econ\u00f3micas y de ComercioCiencias de la Computaci\u00f3nCiencias de la Energ\u00eda y Mec\u00e1nicaCiencias de la Tierra y Construcci\u00f3nCiencias de la Vida y de la AgriculturaCiencias ExactasCiencias Humanas y SocialesCiencias M\u00e9dicasComputer ScienceEarth and Construction SciencesEl\u00e9ctrica, Electr\u00f3nica [&hellip;]<\/p>\n","protected":false},"author":2,"featured_media":0,"parent":0,"menu_order":0,"comment_status":"closed","ping_status":"closed","template":"","meta":{"footnotes":""},"class_list":["post-12861","page","type-page","status-publish","hentry"],"_links":{"self":[{"href":"https:\/\/espe.manoscrm.com\/en\/wp-json\/wp\/v2\/pages\/12861","targetHints":{"allow":["GET"]}}],"collection":[{"href":"https:\/\/espe.manoscrm.com\/en\/wp-json\/wp\/v2\/pages"}],"about":[{"href":"https:\/\/espe.manoscrm.com\/en\/wp-json\/wp\/v2\/types\/page"}],"author":[{"embeddable":true,"href":"https:\/\/espe.manoscrm.com\/en\/wp-json\/wp\/v2\/users\/2"}],"replies":[{"embeddable":true,"href":"https:\/\/espe.manoscrm.com\/en\/wp-json\/wp\/v2\/comments?post=12861"}],"version-history":[{"count":2,"href":"https:\/\/espe.manoscrm.com\/en\/wp-json\/wp\/v2\/pages\/12861\/revisions"}],"predecessor-version":[{"id":16029,"href":"https:\/\/espe.manoscrm.com\/en\/wp-json\/wp\/v2\/pages\/12861\/revisions\/16029"}],"wp:attachment":[{"href":"https:\/\/espe.manoscrm.com\/en\/wp-json\/wp\/v2\/media?parent=12861"}],"curies":[{"name":"wp","href":"https:\/\/api.w.org\/{rel}","templated":true}]}}