{"id":12727,"date":"2026-04-10T18:35:56","date_gmt":"2026-04-10T18:35:56","guid":{"rendered":"https:\/\/espe.manoscrm.com\/technology-transfer\/"},"modified":"2026-05-05T18:03:44","modified_gmt":"2026-05-05T18:03:44","slug":"technology-transfer","status":"publish","type":"page","link":"https:\/\/espe.manoscrm.com\/en\/technology-transfer\/","title":{"rendered":"Technology Transfer"},"content":{"rendered":"\t\t<div data-elementor-type=\"wp-page\" data-elementor-id=\"12727\" class=\"elementor elementor-12727\">\n\t\t\t\t<div class=\"elementor-element elementor-element-295de82 e-flex e-con-boxed e-con e-parent\" data-id=\"295de82\" data-element_type=\"container\" data-e-type=\"container\">\n\t\t\t\t\t<div class=\"e-con-inner\">\n\t\t\t\t<div class=\"elementor-element elementor-element-ba6cd32 elementor-widget elementor-widget-html\" data-id=\"ba6cd32\" data-element_type=\"widget\" data-e-type=\"widget\" data-widget_type=\"html.default\">\n\t\t\t\t\t<div class=\"espe-maintenance-container\"><div class=\"espe-content\"><div class=\"espe-logo-container\"><img decoding=\"async\" src=\"https:\/\/espe.manoscrm.com\/wp-content\/uploads\/2026\/03\/Escudo.png\" alt=\"Logo ESPE\" class=\"espe-animated-logo\"><\/div><h1 class=\"espe-title\">Pr\u00f3ximamente<\/h1><div class=\"espe-divider\"><\/div><p class=\"espe-subtitle\">En Construcci\u00f3n<\/p><div class=\"espe-loader\"><div class=\"espe-progress\"><\/div><\/div><\/div><\/div><style>\/* Paleta ESPE: Verde Principal #00843D *\/\r\n    \r\n    \/* Contenedor principal - Fondo Blanco *\/\r\n    .espe-maintenance-container {\r\n        display: flex;\r\n        justify-content: center;\r\n        align-items: center;\r\n        min-height: 450px; \/* Altura ajustable para Elementor *\/\r\n        background-color: #ffffff;\r\n        font-family: 'Segoe UI', Roboto, Helvetica, Arial, sans-serif;\r\n        text-align: center;\r\n        padding: 40px 20px;\r\n    }\r\n\r\n    .espe-content {\r\n        max-width: 500px;\r\n        width: 100%;\r\n    }\r\n\r\n    \/* Contenedor del Logo y Animaci\u00f3n *\/\r\n    .espe-logo-container {\r\n        margin-bottom: 30px;\r\n    }\r\n\r\n    .espe-animated-logo {\r\n        max-width: 180px; \/* Ajusta el tama\u00f1o del logo aqu\u00ed *\/\r\n        height: auto;\r\n        \/* Animaci\u00f3n suave de pulso y opacidad *\/\r\n        animation: espePulse 2.5s infinite ease-in-out;\r\n    }\r\n\r\n    \/* T\u00edtulo - Ahora en Verde *\/\r\n    .espe-title {\r\n        color: #00843D;\r\n        font-size: 2.8rem;\r\n        font-weight: 800;\r\n        margin: 10px 0;\r\n        text-transform: uppercase;\r\n        letter-spacing: 2px;\r\n        line-height: 1.2;\r\n    }\r\n\r\n    \/* Divisor - Verde *\/\r\n    .espe-divider {\r\n        width: 80px;\r\n        height: 5px;\r\n        background-color: #00843D;\r\n        margin: 20px auto;\r\n        border-radius: 3px;\r\n    }\r\n\r\n    \/* Subt\u00edtulo - Un tono gris oscuro para legibilidad sobre blanco *\/\r\n    .espe-subtitle {\r\n        color: #444444;\r\n        font-size: 1.4rem;\r\n        font-weight: 400;\r\n        margin-bottom: 40px;\r\n        letter-spacing: 1px;\r\n    }\r\n\r\n    \/* Estilos de la barra de carga *\/\r\n    .espe-loader {\r\n        width: 250px;\r\n        height: 8px;\r\n        background-color: #e0e0e0; \/* Fondo gris claro de la barra *\/\r\n        border-radius: 10px;\r\n        margin: 0 auto;\r\n        overflow: hidden;\r\n        box-shadow: inset 0 1px 3px rgba(0,0,0,0.1);\r\n    }\r\n\r\n    .espe-progress {\r\n        width: 100%;\r\n        height: 100%;\r\n        background-color: #00843D; \/* Barra de progreso Verde *\/\r\n        border-radius: 10px;\r\n        \/* Animaci\u00f3n de carga infinita *\/\r\n        animation: espeLoading 2s infinite ease-in-out;\r\n        transform-origin: left;\r\n    }\r\n\r\n    \/* --- Definici\u00f3n de Animaciones (Keyframes) --- *\/\r\n\r\n    \/* Animaci\u00f3n para el Logo: Pulso suave *\/\r\n    @keyframes espePulse {\r\n        0% { transform: scale(1); opacity: 1; }\r\n        50% { transform: scale(1.05); opacity: 0.9; }\r\n        100% { transform: scale(1); opacity: 1; }\r\n    }\r\n\r\n    \/* Animaci\u00f3n para la barra: Expansi\u00f3n y movimiento *\/\r\n    @keyframes espeLoading {\r\n        0% { transform: scaleX(0); opacity: 0.1; }\r\n        50% { transform: scaleX(0.5); opacity: 1; }\r\n        100% { transform: scaleX(1); opacity: 0; }\r\n    }\r\n\r\n    \/* --- Adaptabilidad M\u00f3vil (Responsive) --- *\/\r\n    @media (max-width: 768px) {\r\n        .espe-title { font-size: 2rem; }\r\n        .espe-subtitle { font-size: 1.1rem; }\r\n        .espe-animated-logo { max-width: 140px; }\r\n        .espe-loader { width: 180px; }\r\n    }\r\n<\/style>\t\t\t\t<\/div>\n\t\t\t\t<div class=\"elementor-element elementor-element-81898d3 elementor-widget elementor-widget-html\" data-id=\"81898d3\" data-element_type=\"widget\" data-e-type=\"widget\" data-widget_type=\"html.default\">\n\t\t\t\t\t<div class=\"espe-status-banner\"><div class=\"espe-banner-content\"><div class=\"espe-banner-logo\"><img decoding=\"async\" src=\"https:\/\/espe.manoscrm.com\/wp-content\/uploads\/2026\/03\/Escudo.png\" alt=\"ESPE\"><\/div><div class=\"espe-banner-text\"><h3>P\u00e1gina en Actualizaci\u00f3n<\/h3><p>Estamos optimizando este contenido para brindarte una mejor experiencia.<\/p><\/div><div class=\"espe-status-indicator\"><div class=\"espe-spinner\"><\/div><span>Procesando<\/span><\/div><\/div><\/div><style>.espe-status-banner {\r\n        width: 100%;\r\n        background-color: #ffffff;\r\n        border: 2px solid #00843D; \/* Borde verde institucional *\/\r\n        border-radius: 8px;\r\n        padding: 20px;\r\n        margin: 20px 0;\r\n        box-shadow: 0 4px 12px rgba(0, 132, 61, 0.1);\r\n        font-family: 'Segoe UI', Roboto, sans-serif;\r\n    }\r\n\r\n    .espe-banner-content {\r\n        display: flex;\r\n        align-items: center;\r\n        justify-content: space-between;\r\n        flex-wrap: wrap;\r\n        gap: 20px;\r\n    }\r\n\r\n    .espe-banner-logo img {\r\n        height: 60px;\r\n        width: auto;\r\n        animation: espeMiniPulse 3s infinite ease-in-out;\r\n    }\r\n\r\n    .espe-banner-text {\r\n        flex: 1;\r\n        min-width: 250px;\r\n    }\r\n\r\n    .espe-banner-text h3 {\r\n        color: #00843D;\r\n        margin: 0 0 5px 0;\r\n        font-size: 1.4rem;\r\n        font-weight: 700;\r\n        text-transform: uppercase;\r\n    }\r\n\r\n    .espe-banner-text p {\r\n        color: #666;\r\n        margin: 0;\r\n        font-size: 1rem;\r\n    }\r\n\r\n    \/* Indicador de carga lateral *\/\r\n    .espe-status-indicator {\r\n        display: flex;\r\n        align-items: center;\r\n        gap: 10px;\r\n        background: #f0f9f4; \/* Fondo verde muy suave *\/\r\n        padding: 10px 15px;\r\n        border-radius: 50px;\r\n    }\r\n\r\n    .espe-status-indicator span {\r\n        color: #00843D;\r\n        font-weight: 600;\r\n        font-size: 0.9rem;\r\n    }\r\n\r\n    .espe-spinner {\r\n        width: 20px;\r\n        height: 20px;\r\n        border: 3px solid rgba(0, 132, 61, 0.2);\r\n        border-top: 3px solid #00843D;\r\n        border-radius: 50%;\r\n        animation: espeSpin 1s linear infinite;\r\n    }\r\n\r\n    \/* Animaciones *\/\r\n    @keyframes espeSpin {\r\n        0% { transform: rotate(0deg); }\r\n        100% { transform: rotate(360deg); }\r\n    }\r\n\r\n    @keyframes espeMiniPulse {\r\n        0%, 100% { transform: scale(1); filter: brightness(1); }\r\n        50% { transform: scale(1.05); filter: brightness(1.1); }\r\n    }\r\n\r\n    \/* Responsive *\/\r\n    @media (max-width: 600px) {\r\n        .espe-banner-content {\r\n            flex-direction: column;\r\n            text-align: center;\r\n        }\r\n        .espe-status-indicator {\r\n            width: 100%;\r\n            justify-content: center;\r\n        }\r\n    }\r\n<\/style>\t\t\t\t<\/div>\n\t\t\t\t\t<\/div>\n\t\t\t\t<\/div>\n\t\t\t\t<\/div>\n\t\t","protected":false},"excerpt":{"rendered":"<p>Pr\u00f3ximamente En Construcci\u00f3n P\u00e1gina en Actualizaci\u00f3n Estamos optimizando este contenido para brindarte una mejor experiencia. Procesando<\/p>\n","protected":false},"author":2,"featured_media":0,"parent":0,"menu_order":0,"comment_status":"closed","ping_status":"closed","template":"","meta":{"footnotes":""},"class_list":["post-12727","page","type-page","status-publish","hentry"],"_links":{"self":[{"href":"https:\/\/espe.manoscrm.com\/en\/wp-json\/wp\/v2\/pages\/12727","targetHints":{"allow":["GET"]}}],"collection":[{"href":"https:\/\/espe.manoscrm.com\/en\/wp-json\/wp\/v2\/pages"}],"about":[{"href":"https:\/\/espe.manoscrm.com\/en\/wp-json\/wp\/v2\/types\/page"}],"author":[{"embeddable":true,"href":"https:\/\/espe.manoscrm.com\/en\/wp-json\/wp\/v2\/users\/2"}],"replies":[{"embeddable":true,"href":"https:\/\/espe.manoscrm.com\/en\/wp-json\/wp\/v2\/comments?post=12727"}],"version-history":[{"count":1,"href":"https:\/\/espe.manoscrm.com\/en\/wp-json\/wp\/v2\/pages\/12727\/revisions"}],"predecessor-version":[{"id":12730,"href":"https:\/\/espe.manoscrm.com\/en\/wp-json\/wp\/v2\/pages\/12727\/revisions\/12730"}],"wp:attachment":[{"href":"https:\/\/espe.manoscrm.com\/en\/wp-json\/wp\/v2\/media?parent=12727"}],"curies":[{"name":"wp","href":"https:\/\/api.w.org\/{rel}","templated":true}]}}