{"id":12621,"date":"2026-04-07T16:39:39","date_gmt":"2026-04-07T16:39:39","guid":{"rendered":"https:\/\/espe.manoscrm.com\/organization-chart\/"},"modified":"2026-05-05T18:02:36","modified_gmt":"2026-05-05T18:02:36","slug":"organization-chart","status":"publish","type":"page","link":"https:\/\/espe.manoscrm.com\/en\/organization-chart\/","title":{"rendered":"Organization chart"},"content":{"rendered":"\t\t<div data-elementor-type=\"wp-page\" data-elementor-id=\"12621\" class=\"elementor elementor-12621 elementor-3935\">\n\t\t\t\t<div class=\"elementor-element elementor-element-ff5d768 e-flex e-con-boxed e-con e-parent\" data-id=\"ff5d768\" data-element_type=\"container\" data-e-type=\"container\" data-settings=\"{&quot;background_background&quot;:&quot;classic&quot;}\">\n\t\t\t\t\t<div class=\"e-con-inner\">\n\t\t\t\t<div class=\"elementor-element elementor-element-d356f2d premium-header-block premium-header-block premium-lq__none premium-box-lq__none elementor-widget elementor-widget-premium-addon-dual-header\" data-id=\"d356f2d\" data-element_type=\"widget\" data-e-type=\"widget\" data-widget_type=\"premium-addon-dual-header.default\">\n\t\t\t\t\t\n\t\t<div class=\"elementor-widget-container\">\n\t\t<div class=\"premium-dual-header-wrapper\">\n\t\t\t\t\t<h1 class=\"premium-dual-header-first-header \"><span class=\"premium-dual-header-first-span\">Organization chart <\/span><\/h1> \t\t\t\t\t\t<\/div>\n\t\t<\/div>\n\n\t\t\t\t\t\t<\/div>\n\t\t\t\t<div class=\"elementor-element elementor-element-94158ce elementor-widget elementor-widget-text-editor\" data-id=\"94158ce\" data-element_type=\"widget\" data-e-type=\"widget\" data-widget_type=\"text-editor.default\">\n\t\t\t\t\t\t\t\t\t<div class=\"flex flex-col text-sm pb-25\"><section class=\"text-token-text-primary w-full focus:outline-none [--shadow-height:45px] has-data-writing-block:pointer-events-none has-data-writing-block:-mt-(--shadow-height) has-data-writing-block:pt-(--shadow-height) [&amp;:has([data-writing-block])&gt;*]:pointer-events-auto scroll-mt-[calc(var(--header-height)+min(200px,max(70px,20svh)))]\" dir=\"auto\" data-turn-id=\"request-WEB:61b5d9fd-6887-40c9-b94f-d908d4c32ce0-4\" data-testid=\"conversation-turn-10\" data-scroll-anchor=\"true\" data-turn=\"assistant\"><div class=\"text-base my-auto mx-auto pb-10 [--thread-content-margin:var(--thread-content-margin-xs,calc(var(--spacing)*4))] @w-sm\/main:[--thread-content-margin:var(--thread-content-margin-sm,calc(var(--spacing)*6))] @w-lg\/main:[--thread-content-margin:var(--thread-content-margin-lg,calc(var(--spacing)*16))] px-(--thread-content-margin)\"><div class=\"[--thread-content-max-width:40rem] @w-lg\/main:[--thread-content-max-width:48rem] mx-auto max-w-(--thread-content-max-width) flex-1 group\/turn-messages focus-visible:outline-hidden relative flex w-full min-w-0 flex-col agent-turn\"><div class=\"flex max-w-full flex-col gap-4 grow\"><div class=\"min-h-8 text-message relative flex w-full flex-col items-end gap-2 text-start break-words whitespace-normal outline-none keyboard-focused:focus-ring [.text-message+&amp;]:mt-1\" dir=\"auto\" tabindex=\"0\" data-message-author-role=\"assistant\" data-message-id=\"321114f9-20df-40d7-a238-e3fc8e15b6a6\" data-message-model-slug=\"gpt-5-3\" data-turn-start-message=\"true\"><div class=\"flex w-full flex-col gap-1 empty:hidden\"><div class=\"markdown prose dark:prose-invert w-full wrap-break-word dark markdown-new-styling\"><p data-start=\"0\" data-end=\"75\" data-is-last-node=\"\" data-is-only-node=\"\">Organizational structure of the University of the Armed Forces &#8211; ESPE<\/p><\/div><\/div><\/div><\/div><\/div><\/div><\/section><\/div>\t\t\t\t\t\t\t\t<\/div>\n\t\t<div class=\"elementor-element elementor-element-390aa1b e-con-full e-flex e-con e-child\" data-id=\"390aa1b\" data-element_type=\"container\" data-e-type=\"container\">\n\t\t\t\t<div class=\"elementor-element elementor-element-df3ca50 pa-icon-pos-after e-transform premium-lq__none elementor-widget elementor-widget-premium-addon-button\" data-id=\"df3ca50\" data-element_type=\"widget\" data-e-type=\"widget\" data-settings=\"{&quot;_transform_translateY_effect_hover&quot;:{&quot;unit&quot;:&quot;px&quot;,&quot;size&quot;:-5,&quot;sizes&quot;:[]},&quot;_transform_translateX_effect_hover&quot;:{&quot;unit&quot;:&quot;px&quot;,&quot;size&quot;:&quot;&quot;,&quot;sizes&quot;:[]},&quot;_transform_translateX_effect_hover_tablet&quot;:{&quot;unit&quot;:&quot;px&quot;,&quot;size&quot;:&quot;&quot;,&quot;sizes&quot;:[]},&quot;_transform_translateX_effect_hover_mobile&quot;:{&quot;unit&quot;:&quot;px&quot;,&quot;size&quot;:&quot;&quot;,&quot;sizes&quot;:[]},&quot;_transform_translateY_effect_hover_tablet&quot;:{&quot;unit&quot;:&quot;px&quot;,&quot;size&quot;:&quot;&quot;,&quot;sizes&quot;:[]},&quot;_transform_translateY_effect_hover_mobile&quot;:{&quot;unit&quot;:&quot;px&quot;,&quot;size&quot;:&quot;&quot;,&quot;sizes&quot;:[]}}\" data-widget_type=\"premium-addon-button.default\">\n\t\t\t\t\t\n\n\t\t<a class=\"premium-button premium-button-none premium-btn-md premium-button-none\" href=\"https:\/\/espe.manoscrm.com\/en\/mission-vision-and-values\/\">\n\t\t\t<div class=\"premium-button-text-icon-wrapper\">\n\t\t\t\t\n\t\t\t\t\t\t\t\t\t\t\t\t\t\t\t\t\t\t<svg class=\"svg-inline--fas-fa-shield-alt premium-drawable-icon premium-svg-nodraw\" aria-hidden='true' xmlns='http:\/\/www.w3.org\/2000\/svg' viewBox='0 0 512 512'><path d=\"M466.5 83.7l-192-80a48.15 48.15 0 0 0-36.9 0l-192 80C27.7 91.1 16 108.6 16 128c0 198.5 114.5 335.7 221.5 380.3 11.8 4.9 25.1 4.9 36.9 0C360.1 472.6 496 349.3 496 128c0-19.4-11.7-36.9-29.5-44.3zM256.1 446.3l-.1-381 175.9 73.3c-3.3 151.4-82.1 261.1-175.8 307.7z\"><\/path><\/svg>\t\t\t\t\t\t\t\t\t\t\t\t\t\t\t\n\t\t\t\t\t\t\t\t\t<span >\n\t\t\t\t\t\tMission and vision\t\t\t\t\t<\/span>\n\t\t\t\t\t\t\t<\/div>\n\n\t\t\t\n\t\t\t\n\t\t\t\n\t\t<\/a>\n\n\n\t\t\t\t\t\t<\/div>\n\t\t\t\t<div class=\"elementor-element elementor-element-59c21ce premium-lq__glass1 e-transform pa-icon-pos-before elementor-widget elementor-widget-premium-addon-button\" data-id=\"59c21ce\" data-element_type=\"widget\" data-e-type=\"widget\" data-settings=\"{&quot;_transform_translateY_effect_hover&quot;:{&quot;unit&quot;:&quot;px&quot;,&quot;size&quot;:-5,&quot;sizes&quot;:[]},&quot;_transform_translateX_effect_hover&quot;:{&quot;unit&quot;:&quot;px&quot;,&quot;size&quot;:&quot;&quot;,&quot;sizes&quot;:[]},&quot;_transform_translateX_effect_hover_tablet&quot;:{&quot;unit&quot;:&quot;px&quot;,&quot;size&quot;:&quot;&quot;,&quot;sizes&quot;:[]},&quot;_transform_translateX_effect_hover_mobile&quot;:{&quot;unit&quot;:&quot;px&quot;,&quot;size&quot;:&quot;&quot;,&quot;sizes&quot;:[]},&quot;_transform_translateY_effect_hover_tablet&quot;:{&quot;unit&quot;:&quot;px&quot;,&quot;size&quot;:&quot;&quot;,&quot;sizes&quot;:[]},&quot;_transform_translateY_effect_hover_mobile&quot;:{&quot;unit&quot;:&quot;px&quot;,&quot;size&quot;:&quot;&quot;,&quot;sizes&quot;:[]}}\" data-widget_type=\"premium-addon-button.default\">\n\t\t\t\t\t\n\n\t\t<a class=\"premium-button premium-button-none premium-btn-md premium-button-none\" href=\"https:\/\/espe.manoscrm.com\/en\/authorities\/\" target=\"_blank\">\n\t\t\t<div class=\"premium-button-text-icon-wrapper\">\n\t\t\t\t\n\t\t\t\t\t\t\t\t\t\t\t\t\t\t\t\t\t\t<svg class=\"svg-inline--fas-fa-user-shield premium-drawable-icon premium-svg-nodraw\" aria-hidden='true' xmlns='http:\/\/www.w3.org\/2000\/svg' viewBox='0 0 640 512'><path d=\"M622.3 271.1l-115.2-45c-4.1-1.6-12.6-3.7-22.2 0l-115.2 45c-10.7 4.2-17.7 14-17.7 24.9 0 111.6 68.7 188.8 132.9 213.9 9.6 3.7 18 1.6 22.2 0C558.4 489.9 640 420.5 640 296c0-10.9-7-20.7-17.7-24.9zM496 462.4V273.3l95.5 37.3c-5.6 87.1-60.9 135.4-95.5 151.8zM224 256c70.7 0 128-57.3 128-128S294.7 0 224 0 96 57.3 96 128s57.3 128 128 128zm96 40c0-2.5.8-4.8 1.1-7.2-2.5-.1-4.9-.8-7.5-.8h-16.7c-22.2 10.2-46.9 16-72.9 16s-50.6-5.8-72.9-16h-16.7C60.2 288 0 348.2 0 422.4V464c0 26.5 21.5 48 48 48h352c6.8 0 13.3-1.5 19.2-4-54-42.9-99.2-116.7-99.2-212z\"><\/path><\/svg>\t\t\t\t\t\t\t\t\t\t\t\t\t\t\t\n\t\t\t\t\t\t\t\t\t<span >\n\t\t\t\t\t\tAuthorities\t\t\t\t\t<\/span>\n\t\t\t\t\t\t\t<\/div>\n\n\t\t\t\n\t\t\t\n\t\t\t\n\t\t<\/a>\n\n\n\t\t\t\t\t\t<\/div>\n\t\t\t\t<\/div>\n\t\t\t\t\t<\/div>\n\t\t\t\t<\/div>\n\t\t<div class=\"elementor-element elementor-element-f094127 e-con-full e-flex e-con e-parent\" data-id=\"f094127\" data-element_type=\"container\" data-e-type=\"container\">\n\t\t\t\t<div class=\"elementor-element elementor-element-4fe2af3 elementor-widget elementor-widget-html\" data-id=\"4fe2af3\" data-element_type=\"widget\" data-e-type=\"widget\" data-widget_type=\"html.default\">\n\t\t\t\t\t<style>.espe-org-chart {\r\n    position: relative;\r\n    width: 1400px;\r\n    max-width: 100%;\r\n    min-height: 1150px;\r\n    margin: 0 auto;\r\n    background: #ffffff;\r\n    font-family: Arial, Helvetica, sans-serif;\r\n    overflow-x: auto;\r\n  }\r\n\r\n  .espe-org-chart * {\r\n    box-sizing: border-box;\r\n  }\r\n\r\n  .espe-org-chart .level {\r\n    position: absolute;\r\n    left: 10px;\r\n    width: calc(100% - 20px);\r\n    border: 2px dotted #9c9c9c;\r\n  }\r\n\r\n  .espe-org-chart .label-level {\r\n    position: absolute;\r\n    left: 12px;\r\n    top: 12px;\r\n    font-size: 16px;\r\n    color: #2d2d2d;\r\n    z-index: 2;\r\n  }\r\n\r\n  .espe-org-chart .box {\r\n    position: absolute;\r\n    text-align: center;\r\n    font-weight: 700;\r\n    text-transform: uppercase;\r\n    border: 2px solid #6d6d6d;\r\n    color: #111;\r\n    padding: 6px 8px;\r\n    font-size: 12px;\r\n    line-height: 1.1;\r\n    display: flex;\r\n    justify-content: center;\r\n    align-items: center;\r\n    word-break: break-word;\r\n    hyphens: auto;\r\n    background: #fff;\r\n    transition: transform 0.25s ease, box-shadow 0.25s ease;\r\n    transform-origin: center center;\r\n    z-index: 3;\r\n  }\r\n\r\n  .espe-org-chart .box:hover {\r\n    transform: scale(1.08);\r\n    z-index: 20;\r\n    box-shadow: 0 8px 20px rgba(0,0,0,0.15);\r\n  }\r\n\r\n  .espe-org-chart .box.top { background: #f4a300; }\r\n  .espe-org-chart .box.advisor { background: #e6ba2d; }\r\n  .espe-org-chart .box.support { background: #edd894; }\r\n  .espe-org-chart .box.green-dark { background: #3d8119; color: #fff; }\r\n  .espe-org-chart .box.green-light { background: #b8d3a8; }\r\n  .espe-org-chart .box.white { background: #fff; }\r\n\r\n  .espe-org-chart .line {\r\n    position: absolute;\r\n    background: #7a7a7a;\r\n    z-index: 1;\r\n  }\r\n\r\n  .espe-org-chart .line.v { width: 2px; }\r\n  .espe-org-chart .line.h { height: 2px; }\r\n<\/style><div class=\"espe-org-chart\"><!-- \u00c1REAS --><div class=\"level\" style=\"top:10px;height:130px;\"><\/div><div class=\"level\" style=\"top:150px;height:215px;\"><\/div><div class=\"level\" style=\"top:375px;height:230px;\"><\/div><div class=\"level\" style=\"top:615px;height:400px;\"><\/div><div class=\"label-level\">Nivel Directivo<\/div><div class=\"label-level\" style=\"top:160px;\">Nivel Asesor<\/div><div class=\"label-level\" style=\"top:390px;\">Nivel Apoyo<\/div><div class=\"label-level\" style=\"top:630px;\">Nivel Operativo<\/div><!-- DIRECTIVO --><div class=\"box top\" style=\"top:24px; left:585px; width:280px; height:48px;\">H. CONSEJO UNIVERSITARIO<\/div><div class=\"box top\" style=\"top:86px; left:630px; width:190px; height:48px;\">RECTORADO<\/div><div class=\"line v\" style=\"top:72px; left:724px; height:14px;\"><\/div><div class=\"line v\" style=\"top:134px; left:724px; height:501px;\"><\/div><!-- ASESOR --><div class=\"box advisor\" style=\"top:175px; left:295px; width:300px; height:36px;\">U. DE AUDITOR\u00cdA INTERNA<\/div><div class=\"box advisor\" style=\"top:225px; left:295px; width:300px; height:36px;\">U. DE PLANIFICACI\u00d3N Y DESARROLLO INSTITUCIONAL<\/div><div class=\"box advisor\" style=\"top:275px; left:295px; width:300px; height:36px;\">U. DE COMUNICACI\u00d3N SOCIAL<\/div><div class=\"box advisor\" style=\"top:175px; left:870px; width:340px; height:36px;\">UNIDAD DE ASESOR\u00cdA JUR\u00cdDICA<\/div><div class=\"box advisor\" style=\"top:225px; left:870px; width:340px; height:36px;\">UNIDAD DE RELACIONES DE COOPERACI\u00d3N INTERINSTITUCIONAL<\/div><div class=\"box advisor\" style=\"top:275px; left:870px; width:340px; height:36px;\">UNIDAD DE ESTUDIOS ESTRAT\u00c9GICOS<\/div><div class=\"line h\" style=\"top:193px; left:595px; width:129px;\"><\/div><div class=\"line h\" style=\"top:193px; left:724px; width:146px;\"><\/div><div class=\"line h\" style=\"top:243px; left:595px; width:129px;\"><\/div><div class=\"line h\" style=\"top:243px; left:724px; width:146px;\"><\/div><div class=\"line h\" style=\"top:293px; left:595px; width:129px;\"><\/div><div class=\"line h\" style=\"top:293px; left:724px; width:146px;\"><\/div><!-- APOYO --><div class=\"box support\" style=\"top:410px; left:165px; width:370px; height:40px;\">VICERRECTORADO ADMINISTRATIVO<\/div><!-- conexi\u00f3n desde eje central --><div class=\"line h\" style=\"top:430px; left:535px; width:189px;\"><\/div><!-- estructura apoyo izquierda --><div class=\"line v\" style=\"top:450px; left:350px; height:30px;\"><\/div><div class=\"line h\" style=\"top:480px; left:75px; width:536px;\"><\/div><div class=\"box support\" style=\"top:510px; left:20px; width:110px; height:50px;\">UNIDAD DE APOYO ADM. IASA I<\/div><div class=\"box support\" style=\"top:510px; left:168px; width:165px; height:34px;\">U. TALENTO HUMANO<\/div><div class=\"box support\" style=\"top:510px; left:344px; width:162px; height:34px;\">U. LOG\u00cdSTICA<\/div><div class=\"box support\" style=\"top:510px; left:512px; width:200px; height:34px;\">U. SERVICIOS UNIVERSITARIOS<\/div><div class=\"line v\" style=\"top:480px; left:75px; height:30px;\"><\/div><div class=\"line v\" style=\"top:480px; left:250px; height:30px;\"><\/div><div class=\"line v\" style=\"top:480px; left:425px; height:30px;\"><\/div><div class=\"line v\" style=\"top:480px; left:612px; height:30px;\"><\/div><div class=\"box support\" style=\"top:560px; left:168px; width:165px; height:34px;\">U. DESARROLLO F\u00cdSICO<\/div><div class=\"box support\" style=\"top:560px; left:344px; width:162px; height:34px;\">U. FINANCIERA<\/div><div class=\"box support\" style=\"top:560px; left:512px; width:200px; height:34px;\">U. SEGURIDAD INTEGRADA<\/div><div class=\"line v\" style=\"top:544px; left:250px; height:16px;\"><\/div><div class=\"line v\" style=\"top:544px; left:425px; height:16px;\"><\/div><div class=\"line v\" style=\"top:544px; left:612px; height:16px;\"><\/div><!-- apoyo derecha --><div class=\"line h\" style=\"top:430px; left:724px; width:366px;\"><\/div><div class=\"line h\" style=\"top:430px; left:724px; width:508px;\"><\/div><div class=\"line v\" style=\"top:430px; left:950px; height:80px;\"><\/div><div class=\"line v\" style=\"top:430px; left:1232px; height:80px;\"><\/div><div class=\"box support\" style=\"top:510px; left:810px; width:280px; height:32px;\">U. TECNOLOG\u00cdAS DE LA INFORMACI\u00d3N Y COMUNICACIONES<\/div><div class=\"box support\" style=\"top:510px; left:1122px; width:220px; height:32px;\">SECRETAR\u00cdA GENERAL<\/div><!-- OPERATIVO --><div class=\"box green-dark\" style=\"top:635px; left:545px; width:365px; height:32px;\">VICERRECTORADO ACAD\u00c9MICO GENERAL<\/div><!-- conexi\u00f3n central --><div class=\"line v\" style=\"top:667px; left:727px; height:27px;\"><\/div><!-- rama superior operativo --><div class=\"line h\" style=\"top:694px; left:439px; width:609px;\"><\/div><div class=\"line v\" style=\"top:694px; left:439px; height:12px;\"><\/div><div class=\"line v\" style=\"top:694px; left:1048px; height:12px;\"><\/div><div class=\"line v\" style=\"top:694px; left:998px; height:30px;\"><\/div><div class=\"box green-light\" style=\"top:682px; left:287px; width:305px; height:32px;\">CENTRO DE POSGRADOS Y EDUCACI\u00d3N CONTINUA<\/div><div class=\"box green-light\" style=\"top:682px; left:948px; width:200px; height:32px;\">BIBLIOTECA<\/div><div class=\"box green-light\" style=\"top:724px; left:887px; width:300px; height:32px;\">UNIDAD DE BIENESTAR UNIVERSITARIO<\/div><!-- rama inferior a vicerrectorados --><div class=\"line v\" style=\"top:724px; left:727px; height:32px;\"><\/div><div class=\"line h\" style=\"top:756px; left:368px; width:677px;\"><\/div><div class=\"line v\" style=\"top:756px; left:368px; height:24px;\"><\/div><div class=\"line v\" style=\"top:756px; left:1045px; height:24px;\"><\/div><!-- DOCENCIA --><div class=\"box green-dark\" style=\"top:780px; left:188px; width:360px; height:40px;\">VICERRECTORADO DE DOCENCIA<\/div><div class=\"line v\" style=\"top:820px; left:368px; height:22px;\"><\/div><div class=\"line h\" style=\"top:842px; left:108px; width:525px;\"><\/div><div class=\"line v\" style=\"top:842px; left:108px; height:22px;\"><\/div><div class=\"line v\" style=\"top:842px; left:280px; height:22px;\"><\/div><div class=\"line v\" style=\"top:842px; left:464px; height:22px;\"><\/div><div class=\"line v\" style=\"top:842px; left:632px; height:22px;\"><\/div><div class=\"box green-light\" style=\"top:864px; left:18px; width:180px; height:36px;\">U. DESARROLLO EDUCATIVO<\/div><div class=\"box green-light\" style=\"top:864px; left:210px; width:140px; height:36px;\">U. DE ADMISI\u00d3N<\/div><div class=\"box green-light\" style=\"top:864px; left:392px; width:145px; height:36px;\">U. DE REGISTRO<\/div><div class=\"box green-light\" style=\"top:864px; left:550px; width:165px; height:48px;\">U. DE APOYO A LA FORMACI\u00d3N ACAD\u00c9MICA<\/div><div class=\"line v\" style=\"top:842px; left:368px; height:76px;\"><\/div><div class=\"box green-light\" style=\"top:918px; left:235px; width:265px; height:38px;\">UNIDADES DE EJECUCI\u00d3N DOCENCIA<\/div><!-- INVESTIGACI\u00d3N --><div class=\"box green-dark\" style=\"top:780px; left:825px; width:440px; height:52px;\">VICERRECTORADO DE INVESTIGACI\u00d3N INNOVACI\u00d3N Y TRANSFERENCIA DE TECNOLOG\u00cdA<\/div><div class=\"line v\" style=\"top:832px; left:1045px; height:18px;\"><\/div><div class=\"line h\" style=\"top:850px; left:882px; width:341px;\"><\/div><div class=\"line v\" style=\"top:850px; left:882px; height:24px;\"><\/div><div class=\"line v\" style=\"top:850px; left:1223px; height:24px;\"><\/div><div class=\"box green-light\" style=\"top:850px; left:762px; width:240px; height:40px;\">UNIDADES DE APOYO INVESTIGACI\u00d3N<\/div><div class=\"box green-light\" style=\"top:850px; left:1077px; width:290px; height:40px;\">UNIDADES DE APOYO VINCULACI\u00d3N SOCIEDAD<\/div><div class=\"line v\" style=\"top:890px; left:882px; height:10px;\"><\/div><div class=\"line v\" style=\"top:890px; left:1223px; height:10px;\"><\/div><div class=\"box green-light\" style=\"top:900px; left:762px; width:240px; height:40px;\">UNIDADES DE EJECUCI\u00d3N INVESTIGACI\u00d3N<\/div><div class=\"box green-light\" style=\"top:900px; left:1077px; width:290px; height:40px;\">UNIDADES DE EJECUCI\u00d3N VINCULACI\u00d3N SOCIEDAD<\/div><!-- DESCONCENTRADAS --><div class=\"box white\" style=\"top:1020px; left:445px; width:270px; height:32px;\">UNIDADES DESCONCENTRADAS<\/div><svg width=\"170\" height=\"70\" viewBox=\"0 0 170 70\" style=\"position:absolute; top:1020px; left:713px; z-index:1;\"><polyline points=\"0,18 35,18 48,36 92,20 122,44\" fill=\"none\" stroke=\"#7a7a7a\" stroke-width=\"2\"\/><circle cx=\"142\" cy=\"44\" r=\"10\" fill=\"none\" stroke=\"#7a7a7a\" stroke-width=\"2\"\/><\/svg><\/div>\t\t\t\t<\/div>\n\t\t\t\t<\/div>\n\t\t\t\t<\/div>\n\t\t","protected":false},"excerpt":{"rendered":"<p>Organization chart Organizational structure of the University of the Armed Forces &#8211; ESPE Mission and vision Authorities Nivel DirectivoNivel AsesorNivel ApoyoNivel OperativoH. CONSEJO UNIVERSITARIORECTORADOU. DE AUDITOR\u00cdA INTERNAU. DE PLANIFICACI\u00d3N Y DESARROLLO INSTITUCIONALU. DE COMUNICACI\u00d3N SOCIALUNIDAD DE ASESOR\u00cdA JUR\u00cdDICAUNIDAD DE RELACIONES DE COOPERACI\u00d3N INTERINSTITUCIONALUNIDAD DE ESTUDIOS ESTRAT\u00c9GICOSVICERRECTORADO ADMINISTRATIVOUNIDAD DE APOYO ADM. IASA IU. TALENTO HUMANOU. LOG\u00cdSTICAU. [&hellip;]<\/p>\n","protected":false},"author":1,"featured_media":0,"parent":0,"menu_order":0,"comment_status":"closed","ping_status":"closed","template":"","meta":{"footnotes":""},"class_list":["post-12621","page","type-page","status-publish","hentry"],"_links":{"self":[{"href":"https:\/\/espe.manoscrm.com\/en\/wp-json\/wp\/v2\/pages\/12621","targetHints":{"allow":["GET"]}}],"collection":[{"href":"https:\/\/espe.manoscrm.com\/en\/wp-json\/wp\/v2\/pages"}],"about":[{"href":"https:\/\/espe.manoscrm.com\/en\/wp-json\/wp\/v2\/types\/page"}],"author":[{"embeddable":true,"href":"https:\/\/espe.manoscrm.com\/en\/wp-json\/wp\/v2\/users\/1"}],"replies":[{"embeddable":true,"href":"https:\/\/espe.manoscrm.com\/en\/wp-json\/wp\/v2\/comments?post=12621"}],"version-history":[{"count":1,"href":"https:\/\/espe.manoscrm.com\/en\/wp-json\/wp\/v2\/pages\/12621\/revisions"}],"predecessor-version":[{"id":12624,"href":"https:\/\/espe.manoscrm.com\/en\/wp-json\/wp\/v2\/pages\/12621\/revisions\/12624"}],"wp:attachment":[{"href":"https:\/\/espe.manoscrm.com\/en\/wp-json\/wp\/v2\/media?parent=12621"}],"curies":[{"name":"wp","href":"https:\/\/api.w.org\/{rel}","templated":true}]}}