{"id":12530,"date":"2026-03-05T20:03:33","date_gmt":"2026-03-05T20:03:33","guid":{"rendered":"https:\/\/espe.manoscrm.com\/authorities\/"},"modified":"2026-05-05T18:05:28","modified_gmt":"2026-05-05T18:05:28","slug":"authorities","status":"publish","type":"page","link":"https:\/\/espe.manoscrm.com\/en\/authorities\/","title":{"rendered":"Authorities"},"content":{"rendered":"\t\t<div data-elementor-type=\"wp-page\" data-elementor-id=\"12530\" class=\"elementor elementor-12530 elementor-859\">\n\t\t\t\t<div class=\"elementor-element elementor-element-83d2373 e-flex e-con-boxed e-con e-parent\" data-id=\"83d2373\" data-element_type=\"container\" data-e-type=\"container\" data-settings=\"{&quot;background_background&quot;:&quot;classic&quot;}\">\n\t\t\t\t\t<div class=\"e-con-inner\">\n\t\t\t\t<div class=\"elementor-element elementor-element-f941a8b premium-header-block premium-header-block premium-lq__none premium-box-lq__none elementor-widget elementor-widget-premium-addon-dual-header\" data-id=\"f941a8b\" data-element_type=\"widget\" data-e-type=\"widget\" data-widget_type=\"premium-addon-dual-header.default\">\n\t\t\t\t\t\n\t\t<div class=\"elementor-widget-container\">\n\t\t<div class=\"premium-dual-header-wrapper\">\n\t\t\t\t\t<h1 class=\"premium-dual-header-first-header \"><span class=\"premium-dual-header-first-span\">Authorities <\/span><\/h1> \t\t\t\t\t\t<\/div>\n\t\t<\/div>\n\n\t\t\t\t\t\t<\/div>\n\t\t\t\t<div class=\"elementor-element elementor-element-d8bee91 elementor-widget elementor-widget-text-editor\" data-id=\"d8bee91\" data-element_type=\"widget\" data-e-type=\"widget\" data-widget_type=\"text-editor.default\">\n\t\t\t\t\t\t\t\t\t<div class=\"flex flex-col text-sm pb-25\"><section class=\"text-token-text-primary w-full focus:outline-none [--shadow-height:45px] has-data-writing-block:pointer-events-none has-data-writing-block:-mt-(--shadow-height) has-data-writing-block:pt-(--shadow-height) [&amp;:has([data-writing-block])&gt;*]:pointer-events-auto scroll-mt-[calc(var(--header-height)+min(200px,max(70px,20svh)))]\" dir=\"auto\" data-turn-id=\"request-WEB:61b5d9fd-6887-40c9-b94f-d908d4c32ce0-4\" data-testid=\"conversation-turn-10\" data-scroll-anchor=\"true\" data-turn=\"assistant\"><div class=\"text-base my-auto mx-auto pb-10 [--thread-content-margin:var(--thread-content-margin-xs,calc(var(--spacing)*4))] @w-sm\/main:[--thread-content-margin:var(--thread-content-margin-sm,calc(var(--spacing)*6))] @w-lg\/main:[--thread-content-margin:var(--thread-content-margin-lg,calc(var(--spacing)*16))] px-(--thread-content-margin)\"><div class=\"[--thread-content-max-width:40rem] @w-lg\/main:[--thread-content-max-width:48rem] mx-auto max-w-(--thread-content-max-width) flex-1 group\/turn-messages focus-visible:outline-hidden relative flex w-full min-w-0 flex-col agent-turn\"><div class=\"flex max-w-full flex-col gap-4 grow\"><div class=\"min-h-8 text-message relative flex w-full flex-col items-end gap-2 text-start break-words whitespace-normal outline-none keyboard-focused:focus-ring [.text-message+&amp;]:mt-1\" dir=\"auto\" tabindex=\"0\" data-message-author-role=\"assistant\" data-message-id=\"321114f9-20df-40d7-a238-e3fc8e15b6a6\" data-message-model-slug=\"gpt-5-3\" data-turn-start-message=\"true\"><div class=\"flex w-full flex-col gap-1 empty:hidden\"><div class=\"markdown prose dark:prose-invert w-full wrap-break-word dark markdown-new-styling\"><p data-start=\"0\" data-end=\"75\" data-is-last-node=\"\" data-is-only-node=\"\">Management team that leads and guides institutional development.<\/p><\/div><\/div><\/div><\/div><\/div><\/div><\/section><\/div>\t\t\t\t\t\t\t\t<\/div>\n\t\t<div class=\"elementor-element elementor-element-4f9fb8a e-con-full e-flex e-con e-child\" data-id=\"4f9fb8a\" data-element_type=\"container\" data-e-type=\"container\">\n\t\t\t\t<div class=\"elementor-element elementor-element-25fe6d5 pa-icon-pos-after e-transform premium-lq__none elementor-widget elementor-widget-premium-addon-button\" data-id=\"25fe6d5\" data-element_type=\"widget\" data-e-type=\"widget\" data-settings=\"{&quot;_transform_translateY_effect_hover&quot;:{&quot;unit&quot;:&quot;px&quot;,&quot;size&quot;:-5,&quot;sizes&quot;:[]},&quot;_transform_translateX_effect_hover&quot;:{&quot;unit&quot;:&quot;px&quot;,&quot;size&quot;:&quot;&quot;,&quot;sizes&quot;:[]},&quot;_transform_translateX_effect_hover_tablet&quot;:{&quot;unit&quot;:&quot;px&quot;,&quot;size&quot;:&quot;&quot;,&quot;sizes&quot;:[]},&quot;_transform_translateX_effect_hover_mobile&quot;:{&quot;unit&quot;:&quot;px&quot;,&quot;size&quot;:&quot;&quot;,&quot;sizes&quot;:[]},&quot;_transform_translateY_effect_hover_tablet&quot;:{&quot;unit&quot;:&quot;px&quot;,&quot;size&quot;:&quot;&quot;,&quot;sizes&quot;:[]},&quot;_transform_translateY_effect_hover_mobile&quot;:{&quot;unit&quot;:&quot;px&quot;,&quot;size&quot;:&quot;&quot;,&quot;sizes&quot;:[]}}\" data-widget_type=\"premium-addon-button.default\">\n\t\t\t\t\t\n\n\t\t<a class=\"premium-button premium-button-none premium-btn-md premium-button-none\" href=\"https:\/\/espe.manoscrm.com\/en\/mission-vision-and-values\/\">\n\t\t\t<div class=\"premium-button-text-icon-wrapper\">\n\t\t\t\t\n\t\t\t\t\t\t\t\t\t\t\t\t\t\t\t\t\t\t<svg class=\"svg-inline--fas-fa-user-shield premium-drawable-icon premium-svg-nodraw\" aria-hidden='true' xmlns='http:\/\/www.w3.org\/2000\/svg' viewBox='0 0 640 512'><path d=\"M622.3 271.1l-115.2-45c-4.1-1.6-12.6-3.7-22.2 0l-115.2 45c-10.7 4.2-17.7 14-17.7 24.9 0 111.6 68.7 188.8 132.9 213.9 9.6 3.7 18 1.6 22.2 0C558.4 489.9 640 420.5 640 296c0-10.9-7-20.7-17.7-24.9zM496 462.4V273.3l95.5 37.3c-5.6 87.1-60.9 135.4-95.5 151.8zM224 256c70.7 0 128-57.3 128-128S294.7 0 224 0 96 57.3 96 128s57.3 128 128 128zm96 40c0-2.5.8-4.8 1.1-7.2-2.5-.1-4.9-.8-7.5-.8h-16.7c-22.2 10.2-46.9 16-72.9 16s-50.6-5.8-72.9-16h-16.7C60.2 288 0 348.2 0 422.4V464c0 26.5 21.5 48 48 48h352c6.8 0 13.3-1.5 19.2-4-54-42.9-99.2-116.7-99.2-212z\"><\/path><\/svg>\t\t\t\t\t\t\t\t\t\t\t\t\t\t\t\n\t\t\t\t\t\t\t\t\t<span >\n\t\t\t\t\t\tMission and vision\t\t\t\t\t<\/span>\n\t\t\t\t\t\t\t<\/div>\n\n\t\t\t\n\t\t\t\n\t\t\t\n\t\t<\/a>\n\n\n\t\t\t\t\t\t<\/div>\n\t\t\t\t<div class=\"elementor-element elementor-element-9b54879 premium-lq__glass1 e-transform pa-icon-pos-before elementor-widget elementor-widget-premium-addon-button\" data-id=\"9b54879\" data-element_type=\"widget\" data-e-type=\"widget\" data-settings=\"{&quot;_transform_translateY_effect_hover&quot;:{&quot;unit&quot;:&quot;px&quot;,&quot;size&quot;:-5,&quot;sizes&quot;:[]},&quot;_transform_translateX_effect_hover&quot;:{&quot;unit&quot;:&quot;px&quot;,&quot;size&quot;:&quot;&quot;,&quot;sizes&quot;:[]},&quot;_transform_translateX_effect_hover_tablet&quot;:{&quot;unit&quot;:&quot;px&quot;,&quot;size&quot;:&quot;&quot;,&quot;sizes&quot;:[]},&quot;_transform_translateX_effect_hover_mobile&quot;:{&quot;unit&quot;:&quot;px&quot;,&quot;size&quot;:&quot;&quot;,&quot;sizes&quot;:[]},&quot;_transform_translateY_effect_hover_tablet&quot;:{&quot;unit&quot;:&quot;px&quot;,&quot;size&quot;:&quot;&quot;,&quot;sizes&quot;:[]},&quot;_transform_translateY_effect_hover_mobile&quot;:{&quot;unit&quot;:&quot;px&quot;,&quot;size&quot;:&quot;&quot;,&quot;sizes&quot;:[]}}\" data-widget_type=\"premium-addon-button.default\">\n\t\t\t\t\t\n\n\t\t<a class=\"premium-button premium-button-none premium-btn-md premium-button-none\" href=\"https:\/\/espe.manoscrm.com\/en\/institutional-principles\/\">\n\t\t\t<div class=\"premium-button-text-icon-wrapper\">\n\t\t\t\t\n\t\t\t\t\t\t\t\t\t\t\t\t\t\t\t\t\t\t<svg class=\"svg-inline--fas-fa-shield-alt premium-drawable-icon premium-svg-nodraw\" aria-hidden='true' xmlns='http:\/\/www.w3.org\/2000\/svg' viewBox='0 0 512 512'><path d=\"M466.5 83.7l-192-80a48.15 48.15 0 0 0-36.9 0l-192 80C27.7 91.1 16 108.6 16 128c0 198.5 114.5 335.7 221.5 380.3 11.8 4.9 25.1 4.9 36.9 0C360.1 472.6 496 349.3 496 128c0-19.4-11.7-36.9-29.5-44.3zM256.1 446.3l-.1-381 175.9 73.3c-3.3 151.4-82.1 261.1-175.8 307.7z\"><\/path><\/svg>\t\t\t\t\t\t\t\t\t\t\t\t\t\t\t\n\t\t\t\t\t\t\t\t\t<span >\n\t\t\t\t\t\tThe University\t\t\t\t\t<\/span>\n\t\t\t\t\t\t\t<\/div>\n\n\t\t\t\n\t\t\t\n\t\t\t\n\t\t<\/a>\n\n\n\t\t\t\t\t\t<\/div>\n\t\t\t\t<\/div>\n\t\t\t\t\t<\/div>\n\t\t\t\t<\/div>\n\t\t<div class=\"elementor-element elementor-element-2c93266 e-flex e-con-boxed e-con e-parent\" data-id=\"2c93266\" data-element_type=\"container\" data-e-type=\"container\">\n\t\t\t\t\t<div class=\"e-con-inner\">\n\t\t<div class=\"elementor-element elementor-element-51b9fd5 e-con-full e-flex elementor-invisible e-con e-child\" data-id=\"51b9fd5\" data-element_type=\"container\" data-e-type=\"container\" data-settings=\"{&quot;animation&quot;:&quot;fadeInLeft&quot;}\">\n\t\t\t\t<div class=\"elementor-element elementor-element-f39ea24 elementor-widget elementor-widget-text-editor\" data-id=\"f39ea24\" data-element_type=\"widget\" data-e-type=\"widget\" data-widget_type=\"text-editor.default\">\n\t\t\t\t\t\t\t\t\t<p class=\"css-tzn6qh css-dpwn7t css-h3h5w4 css-is3av0 textContents\">Academic leadership at the service of the country<\/p>\t\t\t\t\t\t\t\t<\/div>\n\t\t\t\t<div class=\"elementor-element elementor-element-638e184 elementor-widget elementor-widget-heading\" data-id=\"638e184\" data-element_type=\"widget\" data-e-type=\"widget\" data-widget_type=\"heading.default\">\n\t\t\t\t\t<h2 class=\"elementor-heading-title elementor-size-default\">Rectorate of the University of the Armed Forces<\/h2>\t\t\t\t<\/div>\n\t\t\t\t<div class=\"elementor-element elementor-element-6dad7c0 elementor-widget elementor-widget-text-editor\" data-id=\"6dad7c0\" data-element_type=\"widget\" data-e-type=\"widget\" data-widget_type=\"text-editor.default\">\n\t\t\t\t\t\t\t\t\t<p data-start=\"726\" data-end=\"1127\">The Rector&#8217;s Office promotes the strategic vision of the University of the Armed Forces ESPE, strengthening academic excellence, scientific research and links with society.<\/p>\t\t\t\t\t\t\t\t<\/div>\n\t\t\t\t<div class=\"elementor-element elementor-element-b69dfe1 elementor-widget elementor-widget-text-editor\" data-id=\"b69dfe1\" data-element_type=\"widget\" data-e-type=\"widget\" data-widget_type=\"text-editor.default\">\n\t\t\t\t\t\t\t\t\t<p data-start=\"726\" data-end=\"1127\">Our commitment is to train upright professionals capable of contributing to the development of Ecuador in strategic areas such as technology, security, innovation and defense.<\/p>\t\t\t\t\t\t\t\t<\/div>\n\t\t\t\t<\/div>\n\t\t<div class=\"elementor-element elementor-element-d52196a e-con-full e-flex elementor-invisible e-con e-child\" data-id=\"d52196a\" data-element_type=\"container\" data-e-type=\"container\" data-settings=\"{&quot;animation&quot;:&quot;fadeInRight&quot;}\">\n\t\t\t\t<div class=\"elementor-element elementor-element-703d441e elementor-widget elementor-widget-premium-addon-person\" data-id=\"703d441e\" data-element_type=\"widget\" data-e-type=\"widget\" data-widget_type=\"premium-addon-person.default\">\n\t\t\t\t\t\t\t<div class=\"premium-persons-container premium-person-style2\">\n\t\t\t\t\t\t<div class=\"premium-person-container premium-person-none-effect\">\n\n\t\t\t\t<div class=\"premium-person-image-container\">\n\t\t\t\t\t<img fetchpriority=\"high\" decoding=\"async\" width=\"1200\" height=\"1200\" src=\"https:\/\/espe.manoscrm.com\/wp-content\/uploads\/2026\/03\/1-FOTOS-AUTORIDADES-VICERRECTORES-ESPE_Mesa-de-trabajo-1-copia-4.jpg.jpeg\" class=\"attachment-full size-full wp-image-910\" alt=\"1 FOTOS AUTORIDADES VICERRECTORES ESPE Mesa de trabajo 1 copia 4.jpg\" srcset=\"https:\/\/espe.manoscrm.com\/wp-content\/uploads\/2026\/03\/1-FOTOS-AUTORIDADES-VICERRECTORES-ESPE_Mesa-de-trabajo-1-copia-4.jpg.jpeg 1200w, https:\/\/espe.manoscrm.com\/wp-content\/uploads\/2026\/03\/1-FOTOS-AUTORIDADES-VICERRECTORES-ESPE_Mesa-de-trabajo-1-copia-4.jpg-300x300.jpeg 300w, https:\/\/espe.manoscrm.com\/wp-content\/uploads\/2026\/03\/1-FOTOS-AUTORIDADES-VICERRECTORES-ESPE_Mesa-de-trabajo-1-copia-4.jpg-1024x1024.jpeg 1024w, https:\/\/espe.manoscrm.com\/wp-content\/uploads\/2026\/03\/1-FOTOS-AUTORIDADES-VICERRECTORES-ESPE_Mesa-de-trabajo-1-copia-4.jpg-150x150.jpeg 150w, https:\/\/espe.manoscrm.com\/wp-content\/uploads\/2026\/03\/1-FOTOS-AUTORIDADES-VICERRECTORES-ESPE_Mesa-de-trabajo-1-copia-4.jpg-768x768.jpeg 768w\" sizes=\"(max-width: 1200px) 100vw, 1200px\" \/>\n\t\t\t\t\t\t\t\t\t<\/div>\n\t\t\t\t<div class=\"premium-person-info\">\n\t\t\t\t\t\t\t\t<div class=\"premium-person-info-container\">\n\t\t\t\t\t\t\t\t\t<h2 class=\"premium-person-name\">Oswaldo Mauricio Gonz\u00e1lez Mosquera<\/h2>\t\t\t\t\t\t\t\t\t\t\t<h4 class=\"premium-person-title\">\n\t\t\t\t\t\t\t<span>Rector<\/span>\n\t\t\t\t\t\t<\/h4>\n\t\t\t\t\t\t\t\t\t\t\t<div class=\"premium-person-content\">\n\t\t\t\t\t\t\t<p>Ph.D. &#8211; Colonel<\/p>\t\t\t\t\t\t<\/div>\n\t\t\t\t\t\t\t\t<\/div>\n\t\t\t\t\t\t\t<\/div>\n\t\t\t<\/div>\n\t\t\t\t\t\t<\/div>\n\t\t\t\t\t\t<\/div>\n\t\t\t\t<\/div>\n\t\t\t\t\t<\/div>\n\t\t\t\t<\/div>\n\t\t<div class=\"elementor-element elementor-element-e409430 e-flex e-con-boxed elementor-invisible e-con e-parent\" data-id=\"e409430\" data-element_type=\"container\" data-e-type=\"container\" data-settings=\"{&quot;animation&quot;:&quot;fadeInUp&quot;}\">\n\t\t\t\t\t<div class=\"e-con-inner\">\n\t\t<div class=\"elementor-element elementor-element-5de569f e-con-full e-flex e-con e-child\" data-id=\"5de569f\" data-element_type=\"container\" data-e-type=\"container\">\n\t\t\t\t<div class=\"elementor-element elementor-element-eeae928 elementor-widget elementor-widget-premium-addon-person\" data-id=\"eeae928\" data-element_type=\"widget\" data-e-type=\"widget\" data-widget_type=\"premium-addon-person.default\">\n\t\t\t\t\t\t\t<div class=\"premium-persons-container premium-person-style2\">\n\t\t\t\t\t\t<div class=\"premium-person-container premium-person-none-effect\">\n\n\t\t\t\t<div class=\"premium-person-image-container\">\n\t\t\t\t\t<img decoding=\"async\" width=\"1200\" height=\"1200\" src=\"https:\/\/espe.manoscrm.com\/wp-content\/uploads\/2026\/03\/FOTOS-AUTORIDADES-VICERRECTORES-ESPE_Mesa-de-trabajo-1.jpg.jpeg\" class=\"attachment-full size-full wp-image-911\" alt=\"FOTOS AUTORIDADES VICERRECTORES ESPE Mesa de trabajo 1.jpg\" srcset=\"https:\/\/espe.manoscrm.com\/wp-content\/uploads\/2026\/03\/FOTOS-AUTORIDADES-VICERRECTORES-ESPE_Mesa-de-trabajo-1.jpg.jpeg 1200w, https:\/\/espe.manoscrm.com\/wp-content\/uploads\/2026\/03\/FOTOS-AUTORIDADES-VICERRECTORES-ESPE_Mesa-de-trabajo-1.jpg-300x300.jpeg 300w, https:\/\/espe.manoscrm.com\/wp-content\/uploads\/2026\/03\/FOTOS-AUTORIDADES-VICERRECTORES-ESPE_Mesa-de-trabajo-1.jpg-1024x1024.jpeg 1024w, https:\/\/espe.manoscrm.com\/wp-content\/uploads\/2026\/03\/FOTOS-AUTORIDADES-VICERRECTORES-ESPE_Mesa-de-trabajo-1.jpg-150x150.jpeg 150w, https:\/\/espe.manoscrm.com\/wp-content\/uploads\/2026\/03\/FOTOS-AUTORIDADES-VICERRECTORES-ESPE_Mesa-de-trabajo-1.jpg-768x768.jpeg 768w\" sizes=\"(max-width: 1200px) 100vw, 1200px\" \/>\n\t\t\t\t\t\t\t\t\t<\/div>\n\t\t\t\t<div class=\"premium-person-info\">\n\t\t\t\t\t\t\t\t<div class=\"premium-person-info-container\">\n\t\t\t\t\t\t\t\t\t<h4 class=\"premium-person-name\">C\u00e9sar Augusto Tamayo Herrera<\/h4>\t\t\t\t\t\t\t\t\t\t\t<h5 class=\"premium-person-title\">\n\t\t\t\t\t\t\t<span>General Academic Vice-Rector<\/span>\n\t\t\t\t\t\t<\/h5>\n\t\t\t\t\t\t\t\t\t\t\t<div class=\"premium-person-content\">\n\t\t\t\t\t\t\t<p>Ph.D. Colonel<\/p>\t\t\t\t\t\t<\/div>\n\t\t\t\t\t\t\t\t<\/div>\n\t\t\t\t\t\t\t<\/div>\n\t\t\t<\/div>\n\t\t\t\t\t\t<\/div>\n\t\t\t\t\t\t<\/div>\n\t\t\t\t<\/div>\n\t\t<div class=\"elementor-element elementor-element-a8f8ec9 e-con-full e-flex e-con e-child\" data-id=\"a8f8ec9\" data-element_type=\"container\" data-e-type=\"container\">\n\t\t\t\t<div class=\"elementor-element elementor-element-3d13cca elementor-widget elementor-widget-premium-addon-person\" data-id=\"3d13cca\" data-element_type=\"widget\" data-e-type=\"widget\" data-widget_type=\"premium-addon-person.default\">\n\t\t\t\t\t\t\t<div class=\"premium-persons-container premium-person-style2\">\n\t\t\t\t\t\t<div class=\"premium-person-container premium-person-none-effect\">\n\n\t\t\t\t<div class=\"premium-person-image-container\">\n\t\t\t\t\t<img decoding=\"async\" width=\"1200\" height=\"1200\" src=\"https:\/\/espe.manoscrm.com\/wp-content\/uploads\/2026\/03\/FOTOS-AUTORIDADES-VICERRECTORES-ESPE_Mesa-de-trabajo-1-copia-3.jpg.jpeg\" class=\"attachment-full size-full wp-image-914\" alt=\"FOTOS AUTORIDADES VICERRECTORES ESPE Mesa de trabajo 1 copia 3.jpg\" srcset=\"https:\/\/espe.manoscrm.com\/wp-content\/uploads\/2026\/03\/FOTOS-AUTORIDADES-VICERRECTORES-ESPE_Mesa-de-trabajo-1-copia-3.jpg.jpeg 1200w, https:\/\/espe.manoscrm.com\/wp-content\/uploads\/2026\/03\/FOTOS-AUTORIDADES-VICERRECTORES-ESPE_Mesa-de-trabajo-1-copia-3.jpg-300x300.jpeg 300w, https:\/\/espe.manoscrm.com\/wp-content\/uploads\/2026\/03\/FOTOS-AUTORIDADES-VICERRECTORES-ESPE_Mesa-de-trabajo-1-copia-3.jpg-1024x1024.jpeg 1024w, https:\/\/espe.manoscrm.com\/wp-content\/uploads\/2026\/03\/FOTOS-AUTORIDADES-VICERRECTORES-ESPE_Mesa-de-trabajo-1-copia-3.jpg-150x150.jpeg 150w, https:\/\/espe.manoscrm.com\/wp-content\/uploads\/2026\/03\/FOTOS-AUTORIDADES-VICERRECTORES-ESPE_Mesa-de-trabajo-1-copia-3.jpg-768x768.jpeg 768w\" sizes=\"(max-width: 1200px) 100vw, 1200px\" \/>\n\t\t\t\t\t\t\t\t\t<\/div>\n\t\t\t\t<div class=\"premium-person-info\">\n\t\t\t\t\t\t\t\t<div class=\"premium-person-info-container\">\n\t\t\t\t\t\t\t\t\t<h4 class=\"premium-person-name\">Gonzalo Pullas Tapia<\/h4>\t\t\t\t\t\t\t\t\t\t\t<h5 class=\"premium-person-title\">\n\t\t\t\t\t\t\t<span>Vice-Rector for Research, Innovation and Technology Transfer<\/span>\n\t\t\t\t\t\t<\/h5>\n\t\t\t\t\t\t\t\t\t\t\t<div class=\"premium-person-content\">\n\t\t\t\t\t\t\t<p>MD. Ph.D. CRNL. CSM. AVC.   <\/p>\t\t\t\t\t\t<\/div>\n\t\t\t\t\t\t\t\t<\/div>\n\t\t\t\t\t\t\t<\/div>\n\t\t\t<\/div>\n\t\t\t\t\t\t<\/div>\n\t\t\t\t\t\t<\/div>\n\t\t\t\t<\/div>\n\t\t<div class=\"elementor-element elementor-element-4f7c221 e-con-full e-flex e-con e-child\" data-id=\"4f7c221\" data-element_type=\"container\" data-e-type=\"container\">\n\t\t\t\t<div class=\"elementor-element elementor-element-2b94319f elementor-widget elementor-widget-premium-addon-person\" data-id=\"2b94319f\" data-element_type=\"widget\" data-e-type=\"widget\" data-widget_type=\"premium-addon-person.default\">\n\t\t\t\t\t\t\t<div class=\"premium-persons-container premium-person-style2\">\n\t\t\t\t\t\t<div class=\"premium-person-container premium-person-none-effect\">\n\n\t\t\t\t<div class=\"premium-person-image-container\">\n\t\t\t\t\t<img loading=\"lazy\" decoding=\"async\" width=\"1200\" height=\"1200\" src=\"https:\/\/espe.manoscrm.com\/wp-content\/uploads\/2026\/03\/FOTOS-AUTORIDADES-VICERRECTORES-ESPE_Mesa-de-trabajo-1-copia.jpg.jpeg\" class=\"attachment-full size-full wp-image-912\" alt=\"FOTOS AUTORIDADES VICERRECTORES ESPE Mesa de trabajo 1 copia.jpg\" srcset=\"https:\/\/espe.manoscrm.com\/wp-content\/uploads\/2026\/03\/FOTOS-AUTORIDADES-VICERRECTORES-ESPE_Mesa-de-trabajo-1-copia.jpg.jpeg 1200w, https:\/\/espe.manoscrm.com\/wp-content\/uploads\/2026\/03\/FOTOS-AUTORIDADES-VICERRECTORES-ESPE_Mesa-de-trabajo-1-copia.jpg-300x300.jpeg 300w, https:\/\/espe.manoscrm.com\/wp-content\/uploads\/2026\/03\/FOTOS-AUTORIDADES-VICERRECTORES-ESPE_Mesa-de-trabajo-1-copia.jpg-1024x1024.jpeg 1024w, https:\/\/espe.manoscrm.com\/wp-content\/uploads\/2026\/03\/FOTOS-AUTORIDADES-VICERRECTORES-ESPE_Mesa-de-trabajo-1-copia.jpg-150x150.jpeg 150w, https:\/\/espe.manoscrm.com\/wp-content\/uploads\/2026\/03\/FOTOS-AUTORIDADES-VICERRECTORES-ESPE_Mesa-de-trabajo-1-copia.jpg-768x768.jpeg 768w\" sizes=\"(max-width: 1200px) 100vw, 1200px\" \/>\n\t\t\t\t\t\t\t\t\t<\/div>\n\t\t\t\t<div class=\"premium-person-info\">\n\t\t\t\t\t\t\t\t<div class=\"premium-person-info-container\">\n\t\t\t\t\t\t\t\t\t<h4 class=\"premium-person-name\">Henry Omar Cruz Carrillo<\/h4>\t\t\t\t\t\t\t\t\t\t\t<h5 class=\"premium-person-title\">\n\t\t\t\t\t\t\t<span>Vice-Rector for Teaching<\/span>\n\t\t\t\t\t\t<\/h5>\n\t\t\t\t\t\t\t\t\t\t\t<div class=\"premium-person-content\">\n\t\t\t\t\t\t\t<p>Ph.D. Crnl of E.M.C.<\/p>\t\t\t\t\t\t<\/div>\n\t\t\t\t\t\t\t\t<\/div>\n\t\t\t\t\t\t\t<\/div>\n\t\t\t<\/div>\n\t\t\t\t\t\t<\/div>\n\t\t\t\t\t\t<\/div>\n\t\t\t\t<\/div>\n\t\t<div class=\"elementor-element elementor-element-53eda06 e-con-full e-flex e-con e-child\" data-id=\"53eda06\" data-element_type=\"container\" data-e-type=\"container\">\n\t\t\t\t<div class=\"elementor-element elementor-element-1b04cf10 elementor-widget elementor-widget-premium-addon-person\" data-id=\"1b04cf10\" data-element_type=\"widget\" data-e-type=\"widget\" data-widget_type=\"premium-addon-person.default\">\n\t\t\t\t\t\t\t<div class=\"premium-persons-container premium-person-style2\">\n\t\t\t\t\t\t<div class=\"premium-person-container premium-person-none-effect\">\n\n\t\t\t\t<div class=\"premium-person-image-container\">\n\t\t\t\t\t<img loading=\"lazy\" decoding=\"async\" width=\"1200\" height=\"1200\" src=\"https:\/\/espe.manoscrm.com\/wp-content\/uploads\/2026\/03\/FOTOS-AUTORIDADES-VICERRECTORES-ESPE_Mesa-de-trabajo-1-copia-2.jpg.jpeg\" class=\"attachment-full size-full wp-image-913\" alt=\"FOTOS AUTORIDADES VICERRECTORES ESPE Mesa de trabajo 1 copia 2.jpg\" srcset=\"https:\/\/espe.manoscrm.com\/wp-content\/uploads\/2026\/03\/FOTOS-AUTORIDADES-VICERRECTORES-ESPE_Mesa-de-trabajo-1-copia-2.jpg.jpeg 1200w, https:\/\/espe.manoscrm.com\/wp-content\/uploads\/2026\/03\/FOTOS-AUTORIDADES-VICERRECTORES-ESPE_Mesa-de-trabajo-1-copia-2.jpg-300x300.jpeg 300w, https:\/\/espe.manoscrm.com\/wp-content\/uploads\/2026\/03\/FOTOS-AUTORIDADES-VICERRECTORES-ESPE_Mesa-de-trabajo-1-copia-2.jpg-1024x1024.jpeg 1024w, https:\/\/espe.manoscrm.com\/wp-content\/uploads\/2026\/03\/FOTOS-AUTORIDADES-VICERRECTORES-ESPE_Mesa-de-trabajo-1-copia-2.jpg-150x150.jpeg 150w, https:\/\/espe.manoscrm.com\/wp-content\/uploads\/2026\/03\/FOTOS-AUTORIDADES-VICERRECTORES-ESPE_Mesa-de-trabajo-1-copia-2.jpg-768x768.jpeg 768w\" sizes=\"(max-width: 1200px) 100vw, 1200px\" \/>\n\t\t\t\t\t\t\t\t\t<\/div>\n\t\t\t\t<div class=\"premium-person-info\">\n\t\t\t\t\t\t\t\t<div class=\"premium-person-info-container\">\n\t\t\t\t\t\t\t\t\t<h4 class=\"premium-person-name\">Edwin Efra\u00edn Gar\u00f3falo Gonz\u00e1lez<\/h4>\t\t\t\t\t\t\t\t\t\t\t<h5 class=\"premium-person-title\">\n\t\t\t\t\t\t\t<span>Administrative Vice-Rector<\/span>\n\t\t\t\t\t\t<\/h5>\n\t\t\t\t\t\t\t\t\t\t\t<div class=\"premium-person-content\">\n\t\t\t\t\t\t\t<p>Mgtr., Tcrn. EMT. Avc.<\/p>\t\t\t\t\t\t<\/div>\n\t\t\t\t\t\t\t\t<\/div>\n\t\t\t\t\t\t\t<\/div>\n\t\t\t<\/div>\n\t\t\t\t\t\t<\/div>\n\t\t\t\t\t\t<\/div>\n\t\t\t\t<\/div>\n\t\t\t\t\t<\/div>\n\t\t\t\t<\/div>\n\t\t\t\t<\/div>\n\t\t","protected":false},"excerpt":{"rendered":"<p>Authorities Management team that leads and guides institutional development. Mission and vision The University Academic leadership at the service of the country Rectorate of the University of the Armed Forces The Rector&#8217;s Office promotes the strategic vision of the University of the Armed Forces ESPE, strengthening academic excellence, scientific research and links with society. Our [&hellip;]<\/p>\n","protected":false},"author":1,"featured_media":0,"parent":0,"menu_order":0,"comment_status":"closed","ping_status":"closed","template":"elementor_header_footer","meta":{"footnotes":""},"class_list":["post-12530","page","type-page","status-publish","hentry"],"_links":{"self":[{"href":"https:\/\/espe.manoscrm.com\/en\/wp-json\/wp\/v2\/pages\/12530","targetHints":{"allow":["GET"]}}],"collection":[{"href":"https:\/\/espe.manoscrm.com\/en\/wp-json\/wp\/v2\/pages"}],"about":[{"href":"https:\/\/espe.manoscrm.com\/en\/wp-json\/wp\/v2\/types\/page"}],"author":[{"embeddable":true,"href":"https:\/\/espe.manoscrm.com\/en\/wp-json\/wp\/v2\/users\/1"}],"replies":[{"embeddable":true,"href":"https:\/\/espe.manoscrm.com\/en\/wp-json\/wp\/v2\/comments?post=12530"}],"version-history":[{"count":2,"href":"https:\/\/espe.manoscrm.com\/en\/wp-json\/wp\/v2\/pages\/12530\/revisions"}],"predecessor-version":[{"id":13071,"href":"https:\/\/espe.manoscrm.com\/en\/wp-json\/wp\/v2\/pages\/12530\/revisions\/13071"}],"wp:attachment":[{"href":"https:\/\/espe.manoscrm.com\/en\/wp-json\/wp\/v2\/media?parent=12530"}],"curies":[{"name":"wp","href":"https:\/\/api.w.org\/{rel}","templated":true}]}}